{"id":21770,"date":"2018-04-05T14:39:04","date_gmt":"2018-04-05T14:39:04","guid":{"rendered":"http:\/\/wp.disind.com\/?page_id=21770"},"modified":"2018-08-01T10:16:38","modified_gmt":"2018-08-01T10:16:38","slug":"desarrollo-y-diseno","status":"publish","type":"page","link":"https:\/\/disind.com\/index.php\/desarrollo-y-diseno\/","title":{"rendered":"Desarrollo y dise\u00f1o"},"content":{"rendered":"<p>[vc_row row_type=\u00bbrow\u00bb use_row_as_full_screen_section=\u00bbno\u00bb type=\u00bbgrid\u00bb text_align=\u00bbleft\u00bb background_animation=\u00bbnone\u00bb css_animation=\u00bb\u00bb css=\u00bb.vc_custom_1533118505378{background-image: url(https:\/\/disind.com\/wp-content\/uploads\/2018\/07\/DESARROLLO_DISEN\u0303O_disind_cocinasporofesionales4-copia.jpg?id=21952) !important;}\u00bb][vc_column][vc_empty_space height=\u00bb62px\u00bb]<div class=\"custom_font_holder\" style=\" font-size: 15px; line-height: 26px; font-style: normal; font-weight: 300; text-decoration: none; text-align: left;\"><span><\/p>\n<h2 style=\"text-align: center;\"><span style=\"color: #28bce0;\">UNA COCINA PROFESSIONAL<\/span><br \/>\n<span style=\"color: #28bce0;\">DISE\u00d1ADA POR PROFESSIONALES<\/span><\/h2>\n<p><\/span><\/div>[vc_empty_space height=\u00bb62px\u00bb][\/vc_column][\/vc_row][vc_row row_type=\u00bbrow\u00bb use_row_as_full_screen_section=\u00bbno\u00bb type=\u00bbgrid\u00bb text_align=\u00bbleft\u00bb background_animation=\u00bbnone\u00bb css_animation=\u00bb\u00bb][vc_column][vc_empty_space][vc_empty_space][vc_text_separator title=\u00bbDISE\u00d1O PERSONALIZADO DE COCINAS PROFESIONALES\u00bb][vc_column_text]<\/p>\n<p style=\"text-align: center;\">Conocemos el sector. Nuestros ingenieros, delineantes y arquitectos saben que una cocina debe dise\u00f1arse en funci\u00f3n del comensal, del tipo de establecimiento y los flujos de trabajo. No es lo mismo un bar que un hotel que un restaurante con estrella Michelin. Las necesidades son diferentes y las soluciones que proponemos a cada cliente, tambi\u00e9n.<\/p>\n<p>[\/vc_column_text][vc_empty_space height=\u00bb62px\u00bb][\/vc_column][\/vc_row][vc_row row_type=\u00bbrow\u00bb use_row_as_full_screen_section=\u00bbno\u00bb type=\u00bbgrid\u00bb text_align=\u00bbleft\u00bb background_color=\u00bb#f5f5f5&#8243; background_animation=\u00bbnone\u00bb padding_top=\u00bb95&#8243; padding_bottom=\u00bb60&#8243; css_animation=\u00bb\u00bb][vc_column]<div class=\"custom_font_holder\" style=\" font-size: 15px; line-height: 26px; font-style: normal; font-weight: 300; text-decoration: none; text-align: left;\"><span><\/p>\n<div class=\"wpb_column vc_column_container vc_col-sm-12\">\n<div class=\"vc_column-inner \">\n<div class=\"wpb_wrapper\">\n<h2 class=\"custom_font_holder\" style=\"text-align: center;\"><span style=\"color: #20aee6;\">METODOLOG\u00cdA DISIND<\/span><\/h2>\n<h4 class=\"custom_font_holder\" style=\"text-align: center;\"><span style=\"color: #20aee6;\">NUESTROS OBJETIVOS EN CADA PROYECTO<\/span><\/h4>\n<\/div>\n<\/div>\n<\/div>\n<p><\/span><\/div>[vc_empty_space height=\u00bb20px\u00bb][vc_empty_space height=\u00bb20px\u00bb][vc_empty_space height=\u00bb20px\u00bb][vc_empty_space height=\u00bb20px\u00bb][vc_row_inner row_type=\u00bbrow\u00bb type=\u00bbgrid\u00bb use_row_as_full_screen_section_slide=\u00bbno\u00bb text_align=\u00bbleft\u00bb background_color=\u00bb#f5f5f5&#8243; padding_top=\u00bb100&#8243; padding_bottom=\u00bb25&#8243; css_animation=\u00bb\u00bb][vc_column_inner width=\u00bb1\/2&#8243;]<div class='q_icon_with_title  circle'><div class=\"icon_holder \" style=\" \"><div class=\"icon_holder_inner\"><span class=\"q_font_elegant_holder circle  custom-font\" style=\"font-size: 28px;background-color: #393939;\"><span class=\"icon_text_icon q_font_elegant_icon icon_desktop\" aria-hidden=\"true\" style=\"font-size: 28px;\"><\/span><\/span><\/div><\/div><div class=\"icon_text_holder\" style=\"padding-left: 110px\"><div class=\"icon_text_inner\" style=\"\"><h4 class=\"icon_title\" style=\"\">M\u00c1XIMO APROVECHAMIENTO.<\/h4><p style=''>El primer paso ser\u00e1 conocer el espacio y optimizar al m\u00e1ximo sus posibilidades.<\/p><\/div><\/div><\/div>[vc_separator type=\u00bbtransparent\u00bb border_style=\u00bb\u00bb up=\u00bb25&#8243; down=\u00bb0&#8243;]<div class='q_icon_with_title  circle'><div class=\"icon_holder \" style=\" \"><div class=\"icon_holder_inner\"><span class=\"q_font_elegant_holder circle  custom-font\" style=\"font-size: 28px;background-color: #393939;\"><span class=\"icon_text_icon q_font_elegant_icon icon_comment_alt\" aria-hidden=\"true\" style=\"font-size: 28px;\"><\/span><\/span><\/div><\/div><div class=\"icon_text_holder\" style=\"padding-left: 110px\"><div class=\"icon_text_inner\" style=\"\"><h6 class=\"icon_title\" style=\"\">FLUJOS DE TRABAJO M\u00c1S SENCILLOS E INTUITIVOS<\/h6><p style=''>Dise\u00f1amos buscando una cocina m\u00e1s intuitiva, que facilita las rutinas de los profesionales permitiendo un trabajo m\u00e1s c\u00f3modo y eficiente, facilitando cada proceso y consiguiendo el resultado \u00f3ptimo en cada servicio.<\/p><\/div><\/div><\/div>[vc_separator type=\u00bbtransparent\u00bb border_style=\u00bb\u00bb up=\u00bb25&#8243; down=\u00bb0&#8243;]<div class='q_icon_with_title  circle'><div class=\"icon_holder \" style=\" \"><div class=\"icon_holder_inner\"><span class=\"q_font_elegant_holder circle  custom-font\" style=\"font-size: 28px;background-color: #393939;\"><span class=\"icon_text_icon q_font_elegant_icon icon_tag\" aria-hidden=\"true\" style=\"font-size: 28px;\"><\/span><\/span><\/div><\/div><div class=\"icon_text_holder\" style=\"padding-left: 110px\"><div class=\"icon_text_inner\" style=\"\"><h6 class=\"icon_title\" style=\"\">TECNOLOG\u00cdA.<\/h6><p style=''>Adecuamos el equipamiento a las tecnolog\u00edas m\u00e1s apropiadas en cada caso.<\/p><\/div><\/div><\/div>[vc_separator type=\u00bbtransparent\u00bb border_style=\u00bb\u00bb up=\u00bb40&#8243; down=\u00bb0&#8243;]<div class='q_icon_with_title  circle'><div class=\"icon_holder \" style=\" \"><div class=\"icon_holder_inner\"><span class=\"q_font_elegant_holder circle  custom-font\" style=\"font-size: 28px;background-color: #393939;\"><span class=\"icon_text_icon q_font_elegant_icon arrow_expand\" aria-hidden=\"true\" style=\"font-size: 28px;\"><\/span><\/span><\/div><\/div><div class=\"icon_text_holder\" style=\"padding-left: 110px\"><div class=\"icon_text_inner\" style=\"\"><h6 class=\"icon_title\" style=\"\">MAQUINARIA.<\/h6><p style=''>Tecnolog\u00eda, ahorro de energ\u00eda, m\u00e1xima eficiencia. Y plan de mantenimiento preventivo y correctivo si es necesario.<\/p><\/div><\/div><\/div>[\/vc_column_inner][vc_column_inner width=\u00bb1\/2&#8243;][vc_single_image image=\u00bb22113&#8243; img_size=\u00bbfull\u00bb alignment=\u00bbcenter\u00bb qode_css_animation=\u00bb\u00bb][\/vc_column_inner][\/vc_row_inner][\/vc_column][\/vc_row][vc_row row_type=\u00bbrow\u00bb use_row_as_full_screen_section=\u00bbno\u00bb type=\u00bbfull_width\u00bb text_align=\u00bbleft\u00bb background_animation=\u00bbnone\u00bb css_animation=\u00bb\u00bb][vc_column]\t<div class=\"qode-centered-portfolio-carousel qode-owl-slider\" data-enable-center=\"yes\" data-slider-padding=\"yes\" data-slider-margin=\"38\" data-number-of-items=\"1\">\n\t\t\t\t\t\t\t\t\t<div class=\"qode-cpc-post\">\n\t\t\t\t\t\t\t\t\t\t\t<div class=\"qode-cpc-post-image\">\n\t\t\t\t\t\t\t<a href=\"https:\/\/disind.com\/index.php\/portfolio_page\/9\/\" itemprop=\"url\">\n\t\t\t\t\t\t\t\t<span class=\"qode-cpc-overlay\"><\/span>\n\t\t\t\t\t\t\t\t<img loading=\"lazy\" decoding=\"async\" width=\"800\" height=\"600\" src=\"https:\/\/disind.com\/wp-content\/uploads\/2013\/10\/DISIND_cocinas_profesionales_hosteleria10-800x600.jpg\" class=\"attachment-portfolio-landscape size-portfolio-landscape wp-post-image\" alt=\"\" srcset=\"https:\/\/disind.com\/wp-content\/uploads\/2013\/10\/DISIND_cocinas_profesionales_hosteleria10-800x600.jpg 800w, https:\/\/disind.com\/wp-content\/uploads\/2013\/10\/DISIND_cocinas_profesionales_hosteleria10-300x225.jpg 300w, https:\/\/disind.com\/wp-content\/uploads\/2013\/10\/DISIND_cocinas_profesionales_hosteleria10-768x576.jpg 768w, https:\/\/disind.com\/wp-content\/uploads\/2013\/10\/DISIND_cocinas_profesionales_hosteleria10-1024x768.jpg 1024w, https:\/\/disind.com\/wp-content\/uploads\/2013\/10\/DISIND_cocinas_profesionales_hosteleria10-700x525.jpg 700w, https:\/\/disind.com\/wp-content\/uploads\/2013\/10\/DISIND_cocinas_profesionales_hosteleria10-1100x825.jpg 1100w, https:\/\/disind.com\/wp-content\/uploads\/2013\/10\/DISIND_cocinas_profesionales_hosteleria10.jpg 1181w\" sizes=\"auto, (max-width: 800px) 100vw, 800px\" \/>\t\t\t\t\t\t\t<\/a>\n\t\t\t\t\t\t<\/div>\n                    \t\t\t\t\t\t\t\t\t<\/div>\n\t\t\t\t\t\t\t\t\t<div class=\"qode-cpc-post\">\n\t\t\t\t\t\t\t\t\t\t\t<div class=\"qode-cpc-post-image\">\n\t\t\t\t\t\t\t<a href=\"https:\/\/disind.com\/index.php\/portfolio_page\/8\/\" itemprop=\"url\">\n\t\t\t\t\t\t\t\t<span class=\"qode-cpc-overlay\"><\/span>\n\t\t\t\t\t\t\t\t<img loading=\"lazy\" decoding=\"async\" width=\"800\" height=\"600\" src=\"https:\/\/disind.com\/wp-content\/uploads\/2013\/10\/DISIND_cocinas_profesionales_hosteleria9-800x600.jpg\" class=\"attachment-portfolio-landscape size-portfolio-landscape wp-post-image\" alt=\"\" srcset=\"https:\/\/disind.com\/wp-content\/uploads\/2013\/10\/DISIND_cocinas_profesionales_hosteleria9-800x600.jpg 800w, https:\/\/disind.com\/wp-content\/uploads\/2013\/10\/DISIND_cocinas_profesionales_hosteleria9-300x225.jpg 300w, https:\/\/disind.com\/wp-content\/uploads\/2013\/10\/DISIND_cocinas_profesionales_hosteleria9-768x576.jpg 768w, https:\/\/disind.com\/wp-content\/uploads\/2013\/10\/DISIND_cocinas_profesionales_hosteleria9-1024x768.jpg 1024w, https:\/\/disind.com\/wp-content\/uploads\/2013\/10\/DISIND_cocinas_profesionales_hosteleria9-700x525.jpg 700w, https:\/\/disind.com\/wp-content\/uploads\/2013\/10\/DISIND_cocinas_profesionales_hosteleria9-1100x825.jpg 1100w, https:\/\/disind.com\/wp-content\/uploads\/2013\/10\/DISIND_cocinas_profesionales_hosteleria9.jpg 1181w\" sizes=\"auto, (max-width: 800px) 100vw, 800px\" \/>\t\t\t\t\t\t\t<\/a>\n\t\t\t\t\t\t<\/div>\n                    \t\t\t\t\t\t\t\t\t<\/div>\n\t\t\t\t\t\t\t\t\t<div class=\"qode-cpc-post\">\n\t\t\t\t\t\t\t\t\t\t\t<div class=\"qode-cpc-post-image\">\n\t\t\t\t\t\t\t<a href=\"https:\/\/disind.com\/index.php\/portfolio_page\/7\/\" itemprop=\"url\">\n\t\t\t\t\t\t\t\t<span class=\"qode-cpc-overlay\"><\/span>\n\t\t\t\t\t\t\t\t<img loading=\"lazy\" decoding=\"async\" width=\"800\" height=\"600\" src=\"https:\/\/disind.com\/wp-content\/uploads\/2013\/10\/DISIND_cocinas_profesionales_hosteleria8-800x600.jpg\" class=\"attachment-portfolio-landscape size-portfolio-landscape wp-post-image\" alt=\"\" srcset=\"https:\/\/disind.com\/wp-content\/uploads\/2013\/10\/DISIND_cocinas_profesionales_hosteleria8-800x600.jpg 800w, https:\/\/disind.com\/wp-content\/uploads\/2013\/10\/DISIND_cocinas_profesionales_hosteleria8-300x225.jpg 300w, https:\/\/disind.com\/wp-content\/uploads\/2013\/10\/DISIND_cocinas_profesionales_hosteleria8-768x576.jpg 768w, https:\/\/disind.com\/wp-content\/uploads\/2013\/10\/DISIND_cocinas_profesionales_hosteleria8-1024x768.jpg 1024w, https:\/\/disind.com\/wp-content\/uploads\/2013\/10\/DISIND_cocinas_profesionales_hosteleria8-700x525.jpg 700w, https:\/\/disind.com\/wp-content\/uploads\/2013\/10\/DISIND_cocinas_profesionales_hosteleria8-1100x825.jpg 1100w, https:\/\/disind.com\/wp-content\/uploads\/2013\/10\/DISIND_cocinas_profesionales_hosteleria8.jpg 1181w\" sizes=\"auto, (max-width: 800px) 100vw, 800px\" \/>\t\t\t\t\t\t\t<\/a>\n\t\t\t\t\t\t<\/div>\n                    \t\t\t\t\t\t\t\t\t<\/div>\n\t\t\t\t\t\t\t\t\t<div class=\"qode-cpc-post\">\n\t\t\t\t\t\t\t\t\t\t\t<div class=\"qode-cpc-post-image\">\n\t\t\t\t\t\t\t<a href=\"https:\/\/disind.com\/index.php\/portfolio_page\/6\/\" itemprop=\"url\">\n\t\t\t\t\t\t\t\t<span class=\"qode-cpc-overlay\"><\/span>\n\t\t\t\t\t\t\t\t<img loading=\"lazy\" decoding=\"async\" width=\"800\" height=\"600\" src=\"https:\/\/disind.com\/wp-content\/uploads\/2013\/10\/DISIND_cocinas_profesionales_hosteleria7-800x600.jpg\" class=\"attachment-portfolio-landscape size-portfolio-landscape wp-post-image\" alt=\"\" srcset=\"https:\/\/disind.com\/wp-content\/uploads\/2013\/10\/DISIND_cocinas_profesionales_hosteleria7-800x600.jpg 800w, https:\/\/disind.com\/wp-content\/uploads\/2013\/10\/DISIND_cocinas_profesionales_hosteleria7-300x225.jpg 300w, https:\/\/disind.com\/wp-content\/uploads\/2013\/10\/DISIND_cocinas_profesionales_hosteleria7-768x576.jpg 768w, https:\/\/disind.com\/wp-content\/uploads\/2013\/10\/DISIND_cocinas_profesionales_hosteleria7-1024x768.jpg 1024w, https:\/\/disind.com\/wp-content\/uploads\/2013\/10\/DISIND_cocinas_profesionales_hosteleria7-700x525.jpg 700w, https:\/\/disind.com\/wp-content\/uploads\/2013\/10\/DISIND_cocinas_profesionales_hosteleria7-1100x825.jpg 1100w, https:\/\/disind.com\/wp-content\/uploads\/2013\/10\/DISIND_cocinas_profesionales_hosteleria7.jpg 1181w\" sizes=\"auto, (max-width: 800px) 100vw, 800px\" \/>\t\t\t\t\t\t\t<\/a>\n\t\t\t\t\t\t<\/div>\n                    \t\t\t\t\t\t\t\t\t<\/div>\n\t\t\t\t\t\t\t\t\t<div class=\"qode-cpc-post\">\n\t\t\t\t\t\t\t\t\t\t\t<div class=\"qode-cpc-post-image\">\n\t\t\t\t\t\t\t<a href=\"https:\/\/disind.com\/index.php\/portfolio_page\/5\/\" itemprop=\"url\">\n\t\t\t\t\t\t\t\t<span class=\"qode-cpc-overlay\"><\/span>\n\t\t\t\t\t\t\t\t<img loading=\"lazy\" decoding=\"async\" width=\"800\" height=\"600\" src=\"https:\/\/disind.com\/wp-content\/uploads\/2013\/10\/DISIND_cocinas_profesionales_hosteleria6-800x600.jpg\" class=\"attachment-portfolio-landscape size-portfolio-landscape wp-post-image\" alt=\"\" srcset=\"https:\/\/disind.com\/wp-content\/uploads\/2013\/10\/DISIND_cocinas_profesionales_hosteleria6-800x600.jpg 800w, https:\/\/disind.com\/wp-content\/uploads\/2013\/10\/DISIND_cocinas_profesionales_hosteleria6-300x225.jpg 300w, https:\/\/disind.com\/wp-content\/uploads\/2013\/10\/DISIND_cocinas_profesionales_hosteleria6-768x576.jpg 768w, https:\/\/disind.com\/wp-content\/uploads\/2013\/10\/DISIND_cocinas_profesionales_hosteleria6-1024x768.jpg 1024w, https:\/\/disind.com\/wp-content\/uploads\/2013\/10\/DISIND_cocinas_profesionales_hosteleria6-700x525.jpg 700w, https:\/\/disind.com\/wp-content\/uploads\/2013\/10\/DISIND_cocinas_profesionales_hosteleria6-1100x825.jpg 1100w, https:\/\/disind.com\/wp-content\/uploads\/2013\/10\/DISIND_cocinas_profesionales_hosteleria6.jpg 1181w\" sizes=\"auto, (max-width: 800px) 100vw, 800px\" \/>\t\t\t\t\t\t\t<\/a>\n\t\t\t\t\t\t<\/div>\n                    \t\t\t\t\t\t\t\t\t<\/div>\n\t\t\t\t\t\t\t\t\t<div class=\"qode-cpc-post\">\n\t\t\t\t\t\t\t\t\t\t\t<div class=\"qode-cpc-post-image\">\n\t\t\t\t\t\t\t<a href=\"https:\/\/disind.com\/index.php\/portfolio_page\/4\/\" itemprop=\"url\">\n\t\t\t\t\t\t\t\t<span class=\"qode-cpc-overlay\"><\/span>\n\t\t\t\t\t\t\t\t<img loading=\"lazy\" decoding=\"async\" width=\"800\" height=\"600\" src=\"https:\/\/disind.com\/wp-content\/uploads\/2013\/10\/DISIND_cocinas_profesionales_hosteleria4-800x600.jpg\" class=\"attachment-portfolio-landscape size-portfolio-landscape wp-post-image\" alt=\"\" srcset=\"https:\/\/disind.com\/wp-content\/uploads\/2013\/10\/DISIND_cocinas_profesionales_hosteleria4-800x600.jpg 800w, https:\/\/disind.com\/wp-content\/uploads\/2013\/10\/DISIND_cocinas_profesionales_hosteleria4-300x225.jpg 300w, https:\/\/disind.com\/wp-content\/uploads\/2013\/10\/DISIND_cocinas_profesionales_hosteleria4-768x576.jpg 768w, https:\/\/disind.com\/wp-content\/uploads\/2013\/10\/DISIND_cocinas_profesionales_hosteleria4-1024x768.jpg 1024w, https:\/\/disind.com\/wp-content\/uploads\/2013\/10\/DISIND_cocinas_profesionales_hosteleria4-700x525.jpg 700w, https:\/\/disind.com\/wp-content\/uploads\/2013\/10\/DISIND_cocinas_profesionales_hosteleria4-1100x825.jpg 1100w, https:\/\/disind.com\/wp-content\/uploads\/2013\/10\/DISIND_cocinas_profesionales_hosteleria4.jpg 1181w\" sizes=\"auto, (max-width: 800px) 100vw, 800px\" \/>\t\t\t\t\t\t\t<\/a>\n\t\t\t\t\t\t<\/div>\n                    \t\t\t\t\t\t\t\t\t<\/div>\n\t\t\t\t\t\t\t\t\t<div class=\"qode-cpc-post\">\n\t\t\t\t\t\t\t\t\t\t\t<div class=\"qode-cpc-post-image\">\n\t\t\t\t\t\t\t<a href=\"https:\/\/disind.com\/index.php\/portfolio_page\/3\/\" itemprop=\"url\">\n\t\t\t\t\t\t\t\t<span class=\"qode-cpc-overlay\"><\/span>\n\t\t\t\t\t\t\t\t<img loading=\"lazy\" decoding=\"async\" width=\"800\" height=\"600\" src=\"https:\/\/disind.com\/wp-content\/uploads\/2013\/10\/DISIND_cocinas_profesionales_hosteleria3-800x600.jpg\" class=\"attachment-portfolio-landscape size-portfolio-landscape wp-post-image\" alt=\"\" srcset=\"https:\/\/disind.com\/wp-content\/uploads\/2013\/10\/DISIND_cocinas_profesionales_hosteleria3-800x600.jpg 800w, https:\/\/disind.com\/wp-content\/uploads\/2013\/10\/DISIND_cocinas_profesionales_hosteleria3-300x225.jpg 300w, https:\/\/disind.com\/wp-content\/uploads\/2013\/10\/DISIND_cocinas_profesionales_hosteleria3-768x576.jpg 768w, https:\/\/disind.com\/wp-content\/uploads\/2013\/10\/DISIND_cocinas_profesionales_hosteleria3-1024x768.jpg 1024w, https:\/\/disind.com\/wp-content\/uploads\/2013\/10\/DISIND_cocinas_profesionales_hosteleria3-700x525.jpg 700w, https:\/\/disind.com\/wp-content\/uploads\/2013\/10\/DISIND_cocinas_profesionales_hosteleria3-1100x825.jpg 1100w, https:\/\/disind.com\/wp-content\/uploads\/2013\/10\/DISIND_cocinas_profesionales_hosteleria3.jpg 1181w\" sizes=\"auto, (max-width: 800px) 100vw, 800px\" \/>\t\t\t\t\t\t\t<\/a>\n\t\t\t\t\t\t<\/div>\n                    \t\t\t\t\t\t\t\t\t<\/div>\n\t\t\t\t\t\t\t\t\t<div class=\"qode-cpc-post\">\n\t\t\t\t\t\t\t\t\t\t\t<div class=\"qode-cpc-post-image\">\n\t\t\t\t\t\t\t<a href=\"https:\/\/disind.com\/index.php\/portfolio_page\/2\/\" itemprop=\"url\">\n\t\t\t\t\t\t\t\t<span class=\"qode-cpc-overlay\"><\/span>\n\t\t\t\t\t\t\t\t<img loading=\"lazy\" decoding=\"async\" width=\"800\" height=\"600\" src=\"https:\/\/disind.com\/wp-content\/uploads\/2013\/10\/DISIND_cocinas_profesionales_hosteleria2-800x600.jpg\" class=\"attachment-portfolio-landscape size-portfolio-landscape wp-post-image\" alt=\"\" srcset=\"https:\/\/disind.com\/wp-content\/uploads\/2013\/10\/DISIND_cocinas_profesionales_hosteleria2-800x600.jpg 800w, https:\/\/disind.com\/wp-content\/uploads\/2013\/10\/DISIND_cocinas_profesionales_hosteleria2-300x225.jpg 300w, https:\/\/disind.com\/wp-content\/uploads\/2013\/10\/DISIND_cocinas_profesionales_hosteleria2-768x576.jpg 768w, https:\/\/disind.com\/wp-content\/uploads\/2013\/10\/DISIND_cocinas_profesionales_hosteleria2-1024x768.jpg 1024w, https:\/\/disind.com\/wp-content\/uploads\/2013\/10\/DISIND_cocinas_profesionales_hosteleria2-700x525.jpg 700w, https:\/\/disind.com\/wp-content\/uploads\/2013\/10\/DISIND_cocinas_profesionales_hosteleria2-1100x825.jpg 1100w, https:\/\/disind.com\/wp-content\/uploads\/2013\/10\/DISIND_cocinas_profesionales_hosteleria2.jpg 1181w\" sizes=\"auto, (max-width: 800px) 100vw, 800px\" \/>\t\t\t\t\t\t\t<\/a>\n\t\t\t\t\t\t<\/div>\n                    \t\t\t\t\t\t\t\t\t<\/div>\n\t\t\t\t\t\t\t\t\t<div class=\"qode-cpc-post\">\n\t\t\t\t\t\t\t\t\t\t\t<div class=\"qode-cpc-post-image\">\n\t\t\t\t\t\t\t<a href=\"https:\/\/disind.com\/index.php\/portfolio_page\/67b-construction-studio\/\" itemprop=\"url\">\n\t\t\t\t\t\t\t\t<span class=\"qode-cpc-overlay\"><\/span>\n\t\t\t\t\t\t\t\t<img loading=\"lazy\" decoding=\"async\" width=\"800\" height=\"600\" src=\"https:\/\/disind.com\/wp-content\/uploads\/2013\/10\/DISIND_cocinas_profesionales_hosteleria10-800x600.jpg\" class=\"attachment-portfolio-landscape size-portfolio-landscape wp-post-image\" alt=\"\" srcset=\"https:\/\/disind.com\/wp-content\/uploads\/2013\/10\/DISIND_cocinas_profesionales_hosteleria10-800x600.jpg 800w, https:\/\/disind.com\/wp-content\/uploads\/2013\/10\/DISIND_cocinas_profesionales_hosteleria10-300x225.jpg 300w, https:\/\/disind.com\/wp-content\/uploads\/2013\/10\/DISIND_cocinas_profesionales_hosteleria10-768x576.jpg 768w, https:\/\/disind.com\/wp-content\/uploads\/2013\/10\/DISIND_cocinas_profesionales_hosteleria10-1024x768.jpg 1024w, https:\/\/disind.com\/wp-content\/uploads\/2013\/10\/DISIND_cocinas_profesionales_hosteleria10-700x525.jpg 700w, https:\/\/disind.com\/wp-content\/uploads\/2013\/10\/DISIND_cocinas_profesionales_hosteleria10-1100x825.jpg 1100w, https:\/\/disind.com\/wp-content\/uploads\/2013\/10\/DISIND_cocinas_profesionales_hosteleria10.jpg 1181w\" sizes=\"auto, (max-width: 800px) 100vw, 800px\" \/>\t\t\t\t\t\t\t<\/a>\n\t\t\t\t\t\t<\/div>\n                    \t\t\t\t\t\t\t\t\t<\/div>\n\t\t\t<\/div>\n[\/vc_column][\/vc_row]<\/p>\n","protected":false},"excerpt":{"rendered":"<p>[vc_row row_type=\u00bbrow\u00bb use_row_as_full_screen_section=\u00bbno\u00bb type=\u00bbgrid\u00bb text_align=\u00bbleft\u00bb background_animation=\u00bbnone\u00bb css_animation=\u00bb\u00bb css=\u00bb.vc_custom_1533118505378{background-image: url(https:\/\/disind.com\/wp-content\/uploads\/2018\/07\/DESARROLLO_DISEN\u0303O_disind_cocinasporofesionales4-copia.jpg?id=21952) !important;}\u00bb][vc_column][vc_empty_space height=\u00bb62px\u00bb][vc_empty_space height=\u00bb62px\u00bb][\/vc_column][\/vc_row][vc_row row_type=\u00bbrow\u00bb use_row_as_full_screen_section=\u00bbno\u00bb type=\u00bbgrid\u00bb text_align=\u00bbleft\u00bb background_animation=\u00bbnone\u00bb css_animation=\u00bb\u00bb][vc_column][vc_empty_space][vc_empty_space][vc_text_separator title=\u00bbDISE\u00d1O PERSONALIZADO DE COCINAS PROFESIONALES\u00bb][vc_column_text] Conocemos el sector. Nuestros ingenieros, delineantes y arquitectos saben que una cocina debe dise\u00f1arse en funci\u00f3n del comensal, del tipo de establecimiento&#8230;<\/p>\n","protected":false},"author":1,"featured_media":0,"parent":0,"menu_order":0,"comment_status":"closed","ping_status":"closed","template":"full_width.php","meta":{"_monsterinsights_skip_tracking":false,"_monsterinsights_sitenote_active":false,"_monsterinsights_sitenote_note":"","_monsterinsights_sitenote_category":0,"footnotes":""},"class_list":["post-21770","page","type-page","status-publish","hentry"],"_links":{"self":[{"href":"https:\/\/disind.com\/index.php\/wp-json\/wp\/v2\/pages\/21770","targetHints":{"allow":["GET"]}}],"collection":[{"href":"https:\/\/disind.com\/index.php\/wp-json\/wp\/v2\/pages"}],"about":[{"href":"https:\/\/disind.com\/index.php\/wp-json\/wp\/v2\/types\/page"}],"author":[{"embeddable":true,"href":"https:\/\/disind.com\/index.php\/wp-json\/wp\/v2\/users\/1"}],"replies":[{"embeddable":true,"href":"https:\/\/disind.com\/index.php\/wp-json\/wp\/v2\/comments?post=21770"}],"version-history":[{"count":0,"href":"https:\/\/disind.com\/index.php\/wp-json\/wp\/v2\/pages\/21770\/revisions"}],"wp:attachment":[{"href":"https:\/\/disind.com\/index.php\/wp-json\/wp\/v2\/media?parent=21770"}],"curies":[{"name":"wp","href":"https:\/\/api.w.org\/{rel}","templated":true}]}}