{"id":21768,"date":"2018-04-05T14:38:48","date_gmt":"2018-04-05T14:38:48","guid":{"rendered":"http:\/\/wp.disind.com\/?page_id=21768"},"modified":"2018-08-01T10:07:05","modified_gmt":"2018-08-01T10:07:05","slug":"llaves-en-mano","status":"publish","type":"page","link":"https:\/\/disind.com\/index.php\/llaves-en-mano\/","title":{"rendered":"Llaves en mano"},"content":{"rendered":"<p>[vc_row row_type=\u00bbrow\u00bb use_row_as_full_screen_section=\u00bbno\u00bb type=\u00bbgrid\u00bb text_align=\u00bbleft\u00bb background_image=\u00bb21863&#8243; background_animation=\u00bbnone\u00bb padding_top=\u00bb60&#8243; padding_bottom=\u00bb60&#8243; css_animation=\u00bb\u00bb][vc_column]<div class=\"custom_font_holder\" style=\" font-size: 15px; line-height: 26px; font-style: normal; font-weight: 300; text-decoration: none; text-align: left;\"><span><\/p>\n<h2 style=\"text-align: center;\"><span style=\"color: #33a6e8;\">LO HACEMOS POSIBLE<\/span><\/h2>\n<p><\/span><\/div>[\/vc_column][\/vc_row][vc_row row_type=\u00bbrow\u00bb use_row_as_full_screen_section=\u00bbno\u00bb type=\u00bbgrid\u00bb text_align=\u00bbleft\u00bb background_animation=\u00bbnone\u00bb css_animation=\u00bb\u00bb][vc_column][vc_empty_space][vc_column_text]<\/p>\n<h3 style=\"text-align: center;\">PROYECTOS LLAVE EN MANO<\/h3>\n<p style=\"text-align: center;\">De principio a fin. Con todas las garant\u00edas y un \u00fanico interlocutor que asegura el \u00e9xito del proyecto. Con implicaci\u00f3n y complicidad. Con inmejorable relaci\u00f3n inversi\u00f3n-coste. Y con cumplimiento certificado de las normativas sanitarias que se exigen.<br \/>\nHacemos realidad la cocina que dar\u00e1 alas a su negocio.<\/p>\n<p>[\/vc_column_text][vc_separator type=\u00bbtransparent\u00bb border_style=\u00bb\u00bb up=\u00bb35&#8243; down=\u00bb0&#8243;][\/vc_column][\/vc_row][vc_row row_type=\u00bbrow\u00bb use_row_as_full_screen_section=\u00bbno\u00bb type=\u00bbfull_width\u00bb text_align=\u00bbleft\u00bb background_color=\u00bb#f5f5f5&#8243; background_animation=\u00bbnone\u00bb padding_top=\u00bb85&#8243; css_animation=\u00bb\u00bb][vc_column][vc_row_inner row_type=\u00bbrow\u00bb type=\u00bbgrid\u00bb use_row_as_full_screen_section_slide=\u00bbno\u00bb text_align=\u00bbleft\u00bb css_animation=\u00bb\u00bb][vc_column_inner][vc_column_text]<strong>\u00bfC\u00d3MO TRABAJAMOS?<\/strong>[\/vc_column_text][vc_separator type=\u00bbtransparent\u00bb border_style=\u00bb\u00bb up=\u00bb35&#8243; down=\u00bb0&#8243;][vc_column_text]Nuestros proyectos llave en mano responden a cada una de las tipolog\u00edas de cliente y establecimiento,\u00a0<span class=\"googie_link\">adecuando<\/span>\u00a0as\u00ed la mejor soluci\u00f3n, desde el dise\u00f1o hasta la optimizaci\u00f3n del equipamiento.<br \/>\nPorqu\u00e9 las necesidades de cada establecimiento son diferentes ya que no es lo mismo un centro sanitario que un bar, hotel y un largo etc.\u00a0<span class=\"googie_link\">Disind<\/span>\u00a0propone proyectos a medida, funcionales y m\u00e1s\u00a0<span class=\"googie_link\">adecuadas<\/span>\u00a0en cada caso.[\/vc_column_text][\/vc_column_inner][\/vc_row_inner][vc_row_inner row_type=\u00bbrow\u00bb type=\u00bbgrid\u00bb use_row_as_full_screen_section_slide=\u00bbno\u00bb text_align=\u00bbleft\u00bb padding_top=\u00bb85&#8243; padding_bottom=\u00bb45&#8243; css_animation=\u00bb\u00bb][vc_column_inner width=\u00bb1\/5&#8243;]<div class='q_icon_with_title  circle center'><div class=\"icon_holder \" style=\" \"><div class=\"icon_holder_inner\"><span class=\"q_font_elegant_holder circle  custom-font\" style=\"font-size: 30px;background-color: #2196d1;\"><span class=\"icon_text_icon q_font_elegant_icon icon_lightbulb_alt\" aria-hidden=\"true\" style=\"font-size: 30px;\"><\/span><\/span><\/div><\/div><div class=\"icon_text_holder\" style=\"\"><div class=\"icon_text_inner\" style=\"\"><h4 class=\"icon_title\" style=\"color: #000000\">DISIND ANALIZA.<\/h4><p style=''>Espacio, sistemas de producci\u00f3n, aprovisionamiento, flujos de trabajo.<\/p><\/div><\/div><\/div>[vc_separator type=\u00bbtransparent\u00bb border_style=\u00bb\u00bb up=\u00bb35&#8243; down=\u00bb0&#8243;][\/vc_column_inner][vc_column_inner width=\u00bb1\/5&#8243;]<div class='q_icon_with_title  circle without_double_border center'><div class=\"icon_holder \" style=\" \"><div class=\"icon_holder_inner\"><span class=\"q_font_elegant_holder circle  custom-font\" style=\"font-size: 30px;background-color: #2196d1;\"><span class=\"icon_text_icon q_font_elegant_icon icon_pens\" aria-hidden=\"true\" style=\"font-size: 30px;\"><\/span><\/span><\/div><\/div><div class=\"icon_text_holder\" style=\"\"><div class=\"icon_text_inner\" style=\"\"><h4 class=\"icon_title\" style=\"color: #000000\">DISIND DISE\u00d1A Y CONCEPTUALIZA.<\/h4><p style=''>Una cocina intuitiva, con procesos optimizados, con costos de producci\u00f3n competitivos y con una estrategia asociada de mantenimiento preventivo y correctivo.<\/p><\/div><\/div><\/div>[vc_separator type=\u00bbtransparent\u00bb border_style=\u00bb\u00bb up=\u00bb35&#8243; down=\u00bb0&#8243;][\/vc_column_inner][vc_column_inner width=\u00bb1\/5&#8243;]<div class='q_icon_with_title  circle without_double_border center'><div class=\"icon_holder \" style=\" \"><div class=\"icon_holder_inner\"><span class=\"q_font_elegant_holder circle  custom-font\" style=\"font-size: 30px;background-color: #2196d1;\"><span class=\"icon_text_icon q_font_elegant_icon icon_desktop\" aria-hidden=\"true\" style=\"font-size: 30px;\"><\/span><\/span><\/div><\/div><div class=\"icon_text_holder\" style=\"\"><div class=\"icon_text_inner\" style=\"\"><h4 class=\"icon_title\" style=\"color: #000000\">DISIND INSTALA.<\/h4><p style=''>Planificamos, coordinamos y llevamos a cabo la instalaci\u00f3n de la cocina, desde el principio hasta el \u00faltimo detalle.<\/p><\/div><\/div><\/div>[vc_separator type=\u00bbtransparent\u00bb border_style=\u00bb\u00bb up=\u00bb35&#8243; down=\u00bb0&#8243;][\/vc_column_inner][vc_column_inner width=\u00bb1\/5&#8243;]<div class='q_icon_with_title  circle without_double_border center'><div class=\"icon_holder \" style=\" \"><div class=\"icon_holder_inner\"><span class=\"q_font_elegant_holder circle  custom-font\" style=\"font-size: 30px;background-color: #2196d1;\"><span class=\"icon_text_icon q_font_elegant_icon icon_cogs\" aria-hidden=\"true\" style=\"font-size: 30px;\"><\/span><\/span><\/div><\/div><div class=\"icon_text_holder\" style=\"\"><div class=\"icon_text_inner\" style=\"\"><h4 class=\"icon_title\" style=\"color: #000000\">DISIND GARANTIZA.<\/h4><p style=''>Un proyecto llave en mano en cumplimiento de la normativa sanitaria y respetando todos los principios de higiene y trazabilidad HACCP.<\/p><\/div><\/div><\/div>[vc_separator type=\u00bbtransparent\u00bb border_style=\u00bb\u00bb up=\u00bb35&#8243; down=\u00bb0&#8243;][\/vc_column_inner][vc_column_inner width=\u00bb1\/5&#8243;]<div class='q_icon_with_title  circle without_double_border center'><div class=\"icon_holder \" style=\" \"><div class=\"icon_holder_inner\"><span class=\"q_font_elegant_holder circle  custom-font\" style=\"font-size: 30px;background-color: #2196d1;\"><span class=\"icon_text_icon q_font_elegant_icon icon_genius\" aria-hidden=\"true\" style=\"font-size: 30px;\"><\/span><\/span><\/div><\/div><div class=\"icon_text_holder\" style=\"\"><div class=\"icon_text_inner\" style=\"\"><h6 class=\"icon_title\" style=\"color: #000000\">DISIND MANTIENE.<\/h6><p style=''>Si lo precisa, llevamos a cabo la estrategia de mantenimiento preventivo y correctivo. Inf\u00f3rmese sobre nuestro servicios post-venta.<\/p><\/div><\/div><\/div>[vc_separator type=\u00bbtransparent\u00bb border_style=\u00bb\u00bb up=\u00bb35&#8243; down=\u00bb0&#8243;][\/vc_column_inner][\/vc_row_inner][\/vc_column][\/vc_row]<\/p>\n","protected":false},"excerpt":{"rendered":"<p>[vc_row row_type=\u00bbrow\u00bb use_row_as_full_screen_section=\u00bbno\u00bb type=\u00bbgrid\u00bb text_align=\u00bbleft\u00bb background_image=\u00bb21863&#8243; background_animation=\u00bbnone\u00bb padding_top=\u00bb60&#8243; padding_bottom=\u00bb60&#8243; css_animation=\u00bb\u00bb][vc_column][\/vc_column][\/vc_row][vc_row row_type=\u00bbrow\u00bb use_row_as_full_screen_section=\u00bbno\u00bb type=\u00bbgrid\u00bb text_align=\u00bbleft\u00bb background_animation=\u00bbnone\u00bb css_animation=\u00bb\u00bb][vc_column][vc_empty_space][vc_column_text] PROYECTOS LLAVE EN MANO De principio a fin. Con todas las garant\u00edas y un \u00fanico interlocutor que asegura el \u00e9xito del proyecto. Con implicaci\u00f3n y complicidad. Con inmejorable relaci\u00f3n&#8230;<\/p>\n","protected":false},"author":1,"featured_media":0,"parent":0,"menu_order":0,"comment_status":"closed","ping_status":"closed","template":"full_width.php","meta":{"_monsterinsights_skip_tracking":false,"_monsterinsights_sitenote_active":false,"_monsterinsights_sitenote_note":"","_monsterinsights_sitenote_category":0,"footnotes":""},"class_list":["post-21768","page","type-page","status-publish","hentry"],"_links":{"self":[{"href":"https:\/\/disind.com\/index.php\/wp-json\/wp\/v2\/pages\/21768","targetHints":{"allow":["GET"]}}],"collection":[{"href":"https:\/\/disind.com\/index.php\/wp-json\/wp\/v2\/pages"}],"about":[{"href":"https:\/\/disind.com\/index.php\/wp-json\/wp\/v2\/types\/page"}],"author":[{"embeddable":true,"href":"https:\/\/disind.com\/index.php\/wp-json\/wp\/v2\/users\/1"}],"replies":[{"embeddable":true,"href":"https:\/\/disind.com\/index.php\/wp-json\/wp\/v2\/comments?post=21768"}],"version-history":[{"count":0,"href":"https:\/\/disind.com\/index.php\/wp-json\/wp\/v2\/pages\/21768\/revisions"}],"wp:attachment":[{"href":"https:\/\/disind.com\/index.php\/wp-json\/wp\/v2\/media?parent=21768"}],"curies":[{"name":"wp","href":"https:\/\/api.w.org\/{rel}","templated":true}]}}