{"id":21764,"date":"2018-04-05T14:38:13","date_gmt":"2018-04-05T14:38:13","guid":{"rendered":"http:\/\/wp.disind.com\/?page_id=21764"},"modified":"2018-08-01T10:05:41","modified_gmt":"2018-08-01T10:05:41","slug":"sat-365","status":"publish","type":"page","link":"https:\/\/disind.com\/index.php\/sat-365\/","title":{"rendered":"SAT 365"},"content":{"rendered":"<p>[vc_row row_type=\u00bbrow\u00bb use_row_as_full_screen_section=\u00bbno\u00bb type=\u00bbgrid\u00bb text_align=\u00bbleft\u00bb background_animation=\u00bbnone\u00bb css_animation=\u00bb\u00bb][vc_column][vc_empty_space height=\u00bb60px\u00bb]<div class=\"custom_font_holder\" style=\" font-size: 15px; line-height: 26px; font-style: normal; font-weight: 300; text-decoration: none; text-align: left;\"><span><\/p>\n<h2 style=\"text-align: center;\"><span style=\"color: #04b4e0;\">SUBMINISTRAMOS, REPARAMOS Y MANTENEMOS<\/span><\/h2>\n<p><\/span><\/div>[vc_separator type=\u00bbnormal\u00bb border_style=\u00bb\u00bb][vc_empty_space height=\u00bb60px\u00bb][\/vc_column][\/vc_row][vc_row row_type=\u00bbrow\u00bb use_row_as_full_screen_section=\u00bbno\u00bb type=\u00bbfull_width\u00bb text_align=\u00bbleft\u00bb background_animation=\u00bbnone\u00bb css_animation=\u00bb\u00bb][vc_column width=\u00bb1\/3&#8243;]<div class='q_icon_with_title  circle'><div class=\"icon_holder \" style=\" \"><div class=\"icon_holder_inner\"><span class=\"q_font_elegant_holder circle  custom-font\" style=\"font-size: 25px;background-color: #393939;\"><span class=\"icon_text_icon q_font_elegant_icon icon_phone\" aria-hidden=\"true\" style=\"font-size: 25px;\"><\/span><\/span><\/div><\/div><div class=\"icon_text_holder\" style=\"padding-left: 100px\"><div class=\"icon_text_inner\" style=\"\"><h4 class=\"icon_title\" style=\"\">SAT<\/h4><p style=''>0034 932 444 115<\/p><\/div><\/div><\/div>[\/vc_column][vc_column width=\u00bb1\/3&#8243;][vc_column_text]<strong>SERVICIO POSVENTA<\/strong><\/p>\n<p>Porqu\u00e9 sabemos las necesidades de nuestros clientes ofrecemos un servicio postventa 365.<\/p>\n<p>Apostamos por una resoluci\u00f3n inmediata, y nuestros t\u00e9cnicos efect\u00faan la intervenci\u00f3n en 24\/48h.[\/vc_column_text][\/vc_column][vc_column width=\u00bb1\/3&#8243;][vc_column_text]<strong>SERVICIO DE MANTENIMIENTO<\/strong><\/p>\n<p>Creemos en el cuidado y mantenimiento de la maquin\u00e1ria, por eso ofrecemos un servicio de mantenimiento para evitar futuras aver\u00edas.<\/p>\n<p>&nbsp;<\/p>\n<p>[\/vc_column_text][\/vc_column][\/vc_row][vc_row row_type=\u00bbrow\u00bb use_row_as_full_screen_section=\u00bbno\u00bb type=\u00bbfull_width\u00bb text_align=\u00bbleft\u00bb background_animation=\u00bbnone\u00bb css_animation=\u00bb\u00bb][vc_column][vc_gmaps link=\u00bb#E-8_JTNDaWZyYW1lJTIwc3JjJTNEJTIyaHR0cHMlM0ElMkYlMkZ3d3cuZ29vZ2xlLmNvbSUyRm1hcHMlMkZlbWJlZCUzRnBiJTNEJTIxMW0xOCUyMTFtMTIlMjExbTMlMjExZDI5OTIuNjkzNzg0MzUzMDM1JTIxMmQyLjE3MzI3Njk1MTU0NjEwMDYlMjEzZDQxLjQwMjQ1NjAwMjkyMDg4NiUyMTJtMyUyMTFmMCUyMTJmMCUyMTNmMCUyMTNtMiUyMTFpMTAyNCUyMTJpNzY4JTIxNGYxMy4xJTIxM20zJTIxMW0yJTIxMXMweDEyYTRhMmRkM2M2MzFiNWQlMjUzQTB4ZDM5ODBhNzdiYWFjM2Q2JTIxMnNNci4lMkJCaWtlJTJCQmFyY2Vsb25hJTIxNWUwJTIxM20yJTIxMXNjYSUyMTJzZXMlMjE0djE1MzA4NTQ0MTkwMDIlMjIlMjB3aWR0aCUzRCUyMjYwMCUyMiUyMGhlaWdodCUzRCUyMjQ1MCUyMiUyMGZyYW1lYm9yZGVyJTNEJTIyMCUyMiUyMHN0eWxlJTNEJTIyYm9yZGVyJTNBMCUyMiUyMGFsbG93ZnVsbHNjcmVlbiUzRSUzQyUyRmlmcmFtZSUzRQ==\u00bb][\/vc_column][\/vc_row]<\/p>\n","protected":false},"excerpt":{"rendered":"<p>[vc_row row_type=\u00bbrow\u00bb use_row_as_full_screen_section=\u00bbno\u00bb type=\u00bbgrid\u00bb text_align=\u00bbleft\u00bb background_animation=\u00bbnone\u00bb css_animation=\u00bb\u00bb][vc_column][vc_empty_space height=\u00bb60px\u00bb][vc_separator type=\u00bbnormal\u00bb border_style=\u00bb\u00bb][vc_empty_space height=\u00bb60px\u00bb][\/vc_column][\/vc_row][vc_row row_type=\u00bbrow\u00bb use_row_as_full_screen_section=\u00bbno\u00bb type=\u00bbfull_width\u00bb text_align=\u00bbleft\u00bb background_animation=\u00bbnone\u00bb css_animation=\u00bb\u00bb][vc_column width=\u00bb1\/3&#8243;][\/vc_column][vc_column width=\u00bb1\/3&#8243;][vc_column_text]SERVICIO POSVENTA Porqu\u00e9 sabemos las necesidades de nuestros clientes ofrecemos un servicio postventa 365. Apostamos por una resoluci\u00f3n inmediata, y nuestros t\u00e9cnicos efect\u00faan la intervenci\u00f3n en 24\/48h.[\/vc_column_text][\/vc_column][vc_column&#8230;<\/p>\n","protected":false},"author":1,"featured_media":0,"parent":0,"menu_order":0,"comment_status":"closed","ping_status":"closed","template":"","meta":{"_monsterinsights_skip_tracking":false,"_monsterinsights_sitenote_active":false,"_monsterinsights_sitenote_note":"","_monsterinsights_sitenote_category":0,"footnotes":""},"class_list":["post-21764","page","type-page","status-publish","hentry"],"_links":{"self":[{"href":"https:\/\/disind.com\/index.php\/wp-json\/wp\/v2\/pages\/21764","targetHints":{"allow":["GET"]}}],"collection":[{"href":"https:\/\/disind.com\/index.php\/wp-json\/wp\/v2\/pages"}],"about":[{"href":"https:\/\/disind.com\/index.php\/wp-json\/wp\/v2\/types\/page"}],"author":[{"embeddable":true,"href":"https:\/\/disind.com\/index.php\/wp-json\/wp\/v2\/users\/1"}],"replies":[{"embeddable":true,"href":"https:\/\/disind.com\/index.php\/wp-json\/wp\/v2\/comments?post=21764"}],"version-history":[{"count":0,"href":"https:\/\/disind.com\/index.php\/wp-json\/wp\/v2\/pages\/21764\/revisions"}],"wp:attachment":[{"href":"https:\/\/disind.com\/index.php\/wp-json\/wp\/v2\/media?parent=21764"}],"curies":[{"name":"wp","href":"https:\/\/api.w.org\/{rel}","templated":true}]}}