{"id":19153,"date":"2014-06-03T11:35:29","date_gmt":"2014-06-03T11:35:29","guid":{"rendered":"http:\/\/demo.select-themes.com\/stockholm2\/?page_id=19153"},"modified":"2018-10-03T08:27:43","modified_gmt":"2018-10-03T08:27:43","slug":"our-process","status":"publish","type":"page","link":"https:\/\/disind.com\/index.php\/our-process\/","title":{"rendered":"L\u00ednea fr\u00eda completa"},"content":{"rendered":"<p>[vc_row row_type=\u00bbrow\u00bb use_row_as_full_screen_section=\u00bbno\u00bb type=\u00bbgrid\u00bb text_align=\u00bbleft\u00bb background_image=\u00bb21851&#8243; background_animation=\u00bbnone\u00bb padding_top=\u00bb60&#8243; padding_bottom=\u00bb60&#8243; css_animation=\u00bb\u00bb][vc_column]<div class=\"custom_font_holder\" style=\" font-size: 15px; line-height: 26px; font-style: normal; font-weight: 300; text-decoration: none; text-align: left;\"><span><\/p>\n<h2 style=\"text-align: center;\"><span style=\"color: #ffffff;\"><strong>LA INNOVACI\u00d3N HECHA COCINA.<br \/>\n<\/strong><\/span><\/h2>\n<p><\/span><\/div>[\/vc_column][\/vc_row][vc_row row_type=\u00bbrow\u00bb use_row_as_full_screen_section=\u00bbno\u00bb type=\u00bbgrid\u00bb text_align=\u00bbleft\u00bb background_animation=\u00bbnone\u00bb css_animation=\u00bb\u00bb][vc_column][vc_empty_space][vc_column_text]<\/p>\n<p style=\"text-align: center;\">DISIND, referente en cocinas profesionales, es especialista en la instalaci\u00f3n de l\u00edneas fr\u00edas completas, basadas en garantizar un perfecto proceso del binomio cocinado-refrigeraci\u00f3n, garantizando que todos los procesos de almacenamiento, transporte e incluso emplatado se realicen a temperatura controlada.<\/p>\n<p style=\"text-align: center;\">Hacemos posible un sistema integral que realiza toda su producci\u00f3n bajo una organizaci\u00f3n de l\u00ednea fr\u00eda, desde el momento del aprovisionamiento de las materias primas, hasta el momento de servicio al consumidor.<\/p>\n<p>[\/vc_column_text][vc_empty_space][vc_empty_space][\/vc_column][\/vc_row][vc_row row_type=\u00bbrow\u00bb use_row_as_full_screen_section=\u00bbno\u00bb type=\u00bbgrid\u00bb text_align=\u00bbleft\u00bb background_animation=\u00bbnone\u00bb css_animation=\u00bb\u00bb][vc_column][vc_text_separator title=\u00bbDISIND PUNTO CLAVE\u00bb][vc_empty_space][vc_column_text]<\/p>\n<p style=\"text-align: center;\">La innovaci\u00f3n ha llegado a las cocinas con la L\u00ednea Fr\u00eda, un sistema de elaboraci\u00f3n de comidas que consiste en combinar la cocina tradicional con los sistemas de conservaci\u00f3n m\u00e1s modernos. El resultado son alimentos consumidos con las caracter\u00edsticas nutricionales y de sabor intactas.<\/p>\n<p>[\/vc_column_text][vc_empty_space][\/vc_column][\/vc_row][vc_row row_type=\u00bbrow\u00bb use_row_as_full_screen_section=\u00bbno\u00bb type=\u00bbgrid\u00bb text_align=\u00bbleft\u00bb background_color=\u00bb#f5f5f5&#8243; background_animation=\u00bbnone\u00bb padding_top=\u00bb95&#8243; padding_bottom=\u00bb60&#8243; css_animation=\u00bb\u00bb][vc_column width=\u00bb1\/2&#8243;][vc_column_text]<span style=\"color: #21aacc;\"><strong>EXPERTOS EN LOS 5 GRANDES BLOQUES<br \/>\nDE OPERACIONES ESENCIALES<\/strong><\/span>[\/vc_column_text][vc_separator type=\u00bbtransparent\u00bb border_style=\u00bb\u00bb up=\u00bb20&#8243; down=\u00bb0&#8243;][vc_column_text]\u00b7 Cocinado y preparaci\u00f3n<\/p>\n<p>\u00b7 Enfriamiento y almacenamiento en c\u00e1maras<\/p>\n<p>\u00b7 Transporte de la comida en recipientes especiales, conservando la temperatura<\/p>\n<p>\u00b7Almacenamiento de la comida en c\u00e1maras o armarios de refrigeraci\u00f3n<\/p>\n<p>\u00b7 Regeneraci\u00f3n y distribuci\u00f3n de los alimentos[\/vc_column_text][\/vc_column][vc_column width=\u00bb1\/2&#8243;][vc_single_image image=\u00bb21904&#8243; img_size=\u00bbfull\u00bb alignment=\u00bbright\u00bb qode_css_animation=\u00bb\u00bb][vc_separator type=\u00bbtransparent\u00bb border_style=\u00bb\u00bb up=\u00bb40&#8243; down=\u00bb0&#8243;][\/vc_column][\/vc_row][vc_row row_type=\u00bbrow\u00bb use_row_as_full_screen_section=\u00bbno\u00bb type=\u00bbgrid\u00bb text_align=\u00bbleft\u00bb background_color=\u00bb#f5f5f5&#8243; background_animation=\u00bbnone\u00bb padding_top=\u00bb95&#8243; padding_bottom=\u00bb60&#8243; css_animation=\u00bb\u00bb css=\u00bb.vc_custom_1532339760353{background-color: #ffffff !important;}\u00bb][vc_column width=\u00bb1\/2&#8243;][vc_single_image image=\u00bb21925&#8243; img_size=\u00bbfull\u00bb qode_css_animation=\u00bb\u00bb][vc_separator type=\u00bbtransparent\u00bb border_style=\u00bb\u00bb up=\u00bb40&#8243; down=\u00bb0&#8243;][\/vc_column][vc_column width=\u00bb1\/2&#8243;][vc_column_text]<span style=\"color: #21aacc;\"><strong>\u00bfPOR QU\u00c9 LA L\u00cdNEA FR\u00cdA?<\/strong><\/span><\/p>\n<p>[\/vc_column_text][vc_separator type=\u00bbtransparent\u00bb border_style=\u00bb\u00bb up=\u00bb20&#8243; down=\u00bb0&#8243;][vc_column_text]\u00b7 Ahorro de costes gracias a un mayor control log\u00edstico: permite adelantar producciones en momentos valle y concentrarlas en menos turnos de persona<\/p>\n<p>\u00b7 Incremento de la producci\u00f3n diaria<\/p>\n<p>\u00b7 Aumento de la seguridad alimentaria<\/p>\n<p>\u00b7 Aporta a las empresas m\u00e1s competitividad en un entorno de calidad y seguridad<\/p>\n<p>\u00b7 Garantiza la calidad organol\u00e9ptica y nutricional de forma homog\u00e9nea, del primer al \u00faltimo plato<\/p>\n<p>[\/vc_column_text][\/vc_column][\/vc_row][vc_row row_type=\u00bbrow\u00bb use_row_as_full_screen_section=\u00bbyes\u00bb type=\u00bbfull_width\u00bb text_align=\u00bbleft\u00bb background_animation=\u00bbnone\u00bb css_animation=\u00bb\u00bb][vc_column][vc_single_image image=\u00bb21834&#8243; img_size=\u00bbfull\u00bb qode_css_animation=\u00bb\u00bb][\/vc_column][\/vc_row]<\/p>\n","protected":false},"excerpt":{"rendered":"<p>[vc_row row_type=\u00bbrow\u00bb use_row_as_full_screen_section=\u00bbno\u00bb type=\u00bbgrid\u00bb text_align=\u00bbleft\u00bb background_image=\u00bb21851&#8243; background_animation=\u00bbnone\u00bb padding_top=\u00bb60&#8243; padding_bottom=\u00bb60&#8243; css_animation=\u00bb\u00bb][vc_column][\/vc_column][\/vc_row][vc_row row_type=\u00bbrow\u00bb use_row_as_full_screen_section=\u00bbno\u00bb type=\u00bbgrid\u00bb text_align=\u00bbleft\u00bb background_animation=\u00bbnone\u00bb css_animation=\u00bb\u00bb][vc_column][vc_empty_space][vc_column_text] DISIND, referente en cocinas profesionales, es especialista en la instalaci\u00f3n de l\u00edneas fr\u00edas completas, basadas en garantizar un perfecto proceso del binomio cocinado-refrigeraci\u00f3n, garantizando que todos los procesos de&#8230;<\/p>\n","protected":false},"author":1,"featured_media":0,"parent":0,"menu_order":0,"comment_status":"open","ping_status":"closed","template":"full_width.php","meta":{"_monsterinsights_skip_tracking":false,"_monsterinsights_sitenote_active":false,"_monsterinsights_sitenote_note":"","_monsterinsights_sitenote_category":0,"footnotes":""},"class_list":["post-19153","page","type-page","status-publish","hentry"],"_links":{"self":[{"href":"https:\/\/disind.com\/index.php\/wp-json\/wp\/v2\/pages\/19153","targetHints":{"allow":["GET"]}}],"collection":[{"href":"https:\/\/disind.com\/index.php\/wp-json\/wp\/v2\/pages"}],"about":[{"href":"https:\/\/disind.com\/index.php\/wp-json\/wp\/v2\/types\/page"}],"author":[{"embeddable":true,"href":"https:\/\/disind.com\/index.php\/wp-json\/wp\/v2\/users\/1"}],"replies":[{"embeddable":true,"href":"https:\/\/disind.com\/index.php\/wp-json\/wp\/v2\/comments?post=19153"}],"version-history":[{"count":0,"href":"https:\/\/disind.com\/index.php\/wp-json\/wp\/v2\/pages\/19153\/revisions"}],"wp:attachment":[{"href":"https:\/\/disind.com\/index.php\/wp-json\/wp\/v2\/media?parent=19153"}],"curies":[{"name":"wp","href":"https:\/\/api.w.org\/{rel}","templated":true}]}}