{"id":18859,"date":"2014-06-02T09:22:38","date_gmt":"2014-06-02T09:22:38","guid":{"rendered":"http:\/\/demo.select-themes.com\/stockholm2\/?page_id=18859"},"modified":"2018-10-03T08:26:40","modified_gmt":"2018-10-03T08:26:40","slug":"about-us","status":"publish","type":"page","link":"https:\/\/disind.com\/index.php\/about-us\/","title":{"rendered":"Nosotros"},"content":{"rendered":"<p>[vc_row row_type=\u00bbrow\u00bb use_row_as_full_screen_section=\u00bbno\u00bb type=\u00bbgrid\u00bb text_align=\u00bbleft\u00bb background_image=\u00bb21863&#8243; background_animation=\u00bbnone\u00bb padding_top=\u00bb60&#8243; padding_bottom=\u00bb60&#8243; css_animation=\u00bb\u00bb][vc_column]<div class=\"custom_font_holder\" style=\" font-size: 15px; line-height: 26px; font-style: normal; font-weight: 300; text-decoration: none; text-align: left;\"><span><\/p>\n<h2 style=\"text-align: center;\"><strong><span style=\"color: #009fe3;\">EQUIPAMOS ESPACIOS<br \/>\nGASTRON\u00d3MICOS PROFESIONALES<\/span><\/strong><\/h2>\n<p><\/span><\/div>[\/vc_column][\/vc_row][vc_row row_type=\u00bbrow\u00bb use_row_as_full_screen_section=\u00bbno\u00bb type=\u00bbgrid\u00bb text_align=\u00bbleft\u00bb background_animation=\u00bbnone\u00bb css_animation=\u00bb\u00bb][vc_column width=\u00bb1\/6&#8243;][\/vc_column][vc_column width=\u00bb2\/3&#8243;][vc_empty_space][vc_column_text]<\/p>\n<p style=\"text-align: center;\">Disind es una empresa con m\u00e1s de 15 a\u00f1os de experienciaen el dise\u00f1o, desarrollo y montaje de cocinas profesionales,\u00a0que da servicio a clientes en\u00a0territorio nacional e internacional.<\/p>\n<p style=\"text-align: center;\">Operamos en todos los segmentos de maquinaria\u00a0para cafeter\u00edas, fastfood, restaurantes, hoteles, colectividades\u00a0y cocinas centrales tanto en l\u00ednea fr\u00eda c\u00f3mo en caliente.<\/p>\n<p>[\/vc_column_text][\/vc_column][vc_column width=\u00bb1\/6&#8243;][\/vc_column][\/vc_row][vc_row row_type=\u00bbrow\u00bb use_row_as_full_screen_section=\u00bbno\u00bb type=\u00bbgrid\u00bb text_align=\u00bbleft\u00bb background_color=\u00bb#ffffff\u00bb background_animation=\u00bbnone\u00bb padding_top=\u00bb84&#8243; padding_bottom=\u00bb91&#8243; css_animation=\u00bb\u00bb][vc_column]<div class=\"custom_font_holder\" style=\" font-size: 15px; line-height: 26px; font-style: normal; font-weight: 300; text-decoration: none; text-align: left;\"><span><\/p>\n<h3 style=\"text-align: center;\"><span style=\"color: #009fe3;\">Gracias a nuestra flexibilidad<\/span><\/h3>\n<h3 style=\"text-align: center;\"><span style=\"color: #009fe3;\">ofrecemos\u00a0soluciones a su medida y a sus necesidades.<\/span><\/h3>\n<p><\/span><\/div>[\/vc_column][\/vc_row][vc_row row_type=\u00bbrow\u00bb use_row_as_full_screen_section=\u00bbno\u00bb type=\u00bbgrid\u00bb text_align=\u00bbleft\u00bb background_color=\u00bb#f9f9f9&#8243; background_animation=\u00bbnone\u00bb padding_top=\u00bb85&#8243; padding_bottom=\u00bb50&#8243; css_animation=\u00bb\u00bb][vc_column width=\u00bb1\/3&#8243;][vc_column_text]<\/p>\n<h5><span style=\"color: #16abd9;\"><b>ASESORAMIENTO<\/b><\/span><\/h5>\n<p>[\/vc_column_text][vc_separator type=\u00bbtransparent\u00bb border_style=\u00bb\u00bb thickness=\u00bb1&#8243; up=\u00bb20&#8243; down=\u00bb0&#8243;][vc_column_text]\u00b7 Analisis y estudio de proyecto<\/p>\n<p>\u00b7 Elecci\u00f3n de maquinaria<\/p>\n<p>\u00b7 Proyecci\u00f3n de espacios<\/p>\n<p>Especialistas en la proyecci\u00f3n y desarrollo de proyectos para la hosteler\u00eda profesional, adapt\u00e1ndonos a sus necesidades. Ofrecemos el estudio del proyecto, la direcci\u00f3n t\u00e9cnica y el desarrollo integral, buscando la funcionalidad y calidad del producto, aportando as\u00ed la soluci\u00f3n mas id\u00f3nea.[\/vc_column_text][vc_separator type=\u00bbtransparent\u00bb border_style=\u00bb\u00bb up=\u00bb40&#8243; down=\u00bb0&#8243;][\/vc_column][vc_column width=\u00bb1\/3&#8243;][vc_column_text]<\/p>\n<h5><span style=\"color: #16abd9;\"><span style=\"caret-color: #16abd9;\">CALIDAD<\/span><\/span><\/h5>\n<p>[\/vc_column_text][vc_separator type=\u00bbtransparent\u00bb border_style=\u00bb\u00bb thickness=\u00bb1&#8243; up=\u00bb20&#8243; down=\u00bb0&#8243;][vc_column_text]Calidad y Garantia, la filosof\u00eda en\u00a0Disind.<\/p>\n<p>Tres d\u00e9cadas de profesionales en el sector, junto con una selecci\u00f3n adecuada de maquinaria para cada proyecto, profesionales en formaci\u00f3n continua junto con la supervision de nuestro servicio t\u00e9cnico, permiten nuestro objetivo \u201cSU TRANQUILIDAD\u201d.[\/vc_column_text][vc_separator type=\u00bbtransparent\u00bb border_style=\u00bb\u00bb up=\u00bb40&#8243; down=\u00bb0&#8243;][\/vc_column][vc_column width=\u00bb1\/3&#8243;][vc_column_text]<\/p>\n<h5><span style=\"color: #23b5de;\"><b>SERVICIO POST VENTA<\/b><\/span><\/h5>\n<p>[\/vc_column_text][vc_separator type=\u00bbtransparent\u00bb border_style=\u00bb\u00bb thickness=\u00bb1&#8243; up=\u00bb20&#8243; down=\u00bb0&#8243;][vc_column_text]La experiencia de nuestro equipo t\u00e9cnico y capacidad de respuesta nos permite ofrecer el mejor servicio post venta.<\/p>\n<p>Disponemos de un mantenimiento preventivo adaptado a cada necesidad que\u00a0 permite alargar la vida de sus maquinas.[\/vc_column_text][vc_separator type=\u00bbtransparent\u00bb border_style=\u00bb\u00bb up=\u00bb40&#8243; down=\u00bb0&#8243;][\/vc_column][\/vc_row][vc_row row_type=\u00bbrow\u00bb use_row_as_full_screen_section=\u00bbyes\u00bb type=\u00bbfull_width\u00bb text_align=\u00bbleft\u00bb background_animation=\u00bbnone\u00bb css_animation=\u00bb\u00bb][vc_column][vc_single_image image=\u00bb21831&#8243; img_size=\u00bbfull\u00bb qode_css_animation=\u00bb\u00bb][\/vc_column][\/vc_row]<\/p>\n","protected":false},"excerpt":{"rendered":"<p>[vc_row row_type=\u00bbrow\u00bb use_row_as_full_screen_section=\u00bbno\u00bb type=\u00bbgrid\u00bb text_align=\u00bbleft\u00bb background_image=\u00bb21863&#8243; background_animation=\u00bbnone\u00bb padding_top=\u00bb60&#8243; padding_bottom=\u00bb60&#8243; css_animation=\u00bb\u00bb][vc_column][\/vc_column][\/vc_row][vc_row row_type=\u00bbrow\u00bb use_row_as_full_screen_section=\u00bbno\u00bb type=\u00bbgrid\u00bb text_align=\u00bbleft\u00bb background_animation=\u00bbnone\u00bb css_animation=\u00bb\u00bb][vc_column width=\u00bb1\/6&#8243;][\/vc_column][vc_column width=\u00bb2\/3&#8243;][vc_empty_space][vc_column_text] Disind es una empresa con m\u00e1s de 15 a\u00f1os de experienciaen el dise\u00f1o, desarrollo y montaje de cocinas profesionales,\u00a0que da servicio a clientes en\u00a0territorio nacional e internacional&#8230;.<\/p>\n","protected":false},"author":1,"featured_media":0,"parent":0,"menu_order":0,"comment_status":"open","ping_status":"open","template":"full_width.php","meta":{"_monsterinsights_skip_tracking":false,"_monsterinsights_sitenote_active":false,"_monsterinsights_sitenote_note":"","_monsterinsights_sitenote_category":0,"footnotes":""},"class_list":["post-18859","page","type-page","status-publish","hentry"],"_links":{"self":[{"href":"https:\/\/disind.com\/index.php\/wp-json\/wp\/v2\/pages\/18859","targetHints":{"allow":["GET"]}}],"collection":[{"href":"https:\/\/disind.com\/index.php\/wp-json\/wp\/v2\/pages"}],"about":[{"href":"https:\/\/disind.com\/index.php\/wp-json\/wp\/v2\/types\/page"}],"author":[{"embeddable":true,"href":"https:\/\/disind.com\/index.php\/wp-json\/wp\/v2\/users\/1"}],"replies":[{"embeddable":true,"href":"https:\/\/disind.com\/index.php\/wp-json\/wp\/v2\/comments?post=18859"}],"version-history":[{"count":0,"href":"https:\/\/disind.com\/index.php\/wp-json\/wp\/v2\/pages\/18859\/revisions"}],"wp:attachment":[{"href":"https:\/\/disind.com\/index.php\/wp-json\/wp\/v2\/media?parent=18859"}],"curies":[{"name":"wp","href":"https:\/\/api.w.org\/{rel}","templated":true}]}}